{"id":5108,"date":"2019-10-24T12:10:49","date_gmt":"2019-10-24T10:10:49","guid":{"rendered":"http:\/\/www.lasullivan.org\/?page_id=5108"},"modified":"2023-02-13T13:10:50","modified_gmt":"2023-02-13T11:10:50","slug":"creditos","status":"publish","type":"page","link":"https:\/\/www.lasullivan.org\/es\/creditos\/","title":{"rendered":"Cr\u00e9ditos de la web"},"content":{"rendered":"<p>La web www.lasullivan.org ha sido dise\u00f1ada por <a href=\"http:\/\/sebastianpuiggros.com\/\" rel=\"noopener noreferrer\" target=\"_blank\">Sebasti\u00e1n Puiggr\u00f3s<\/a> y programada por Federico Joselevich Puiggr\u00f3s (<a href=\"https:\/\/www.ludic.cc\/\" target=\"_blank\" rel=\"noopener noreferrer\">ludic.cc<\/a>).<\/p>","protected":false},"excerpt":{"rendered":"<p>La web www.lasullivan.org ha sido dise\u00f1ada por Sebasti\u00e1n Puiggr\u00f3s y programada por Federico Joselevich Puiggr\u00f3s (ludic.cc).<\/p>\n","protected":false},"author":5,"featured_media":0,"parent":0,"menu_order":0,"comment_status":"closed","ping_status":"closed","template":"","meta":{"_acf_changed":false,"footnotes":""},"class_list":["post-5108","page","type-page","status-publish","hentry"],"acf":[],"aioseo_notices":[],"_links":{"self":[{"href":"https:\/\/www.lasullivan.org\/es\/wp-json\/wp\/v2\/pages\/5108","targetHints":{"allow":["GET"]}}],"collection":[{"href":"https:\/\/www.lasullivan.org\/es\/wp-json\/wp\/v2\/pages"}],"about":[{"href":"https:\/\/www.lasullivan.org\/es\/wp-json\/wp\/v2\/types\/page"}],"author":[{"embeddable":true,"href":"https:\/\/www.lasullivan.org\/es\/wp-json\/wp\/v2\/users\/5"}],"replies":[{"embeddable":true,"href":"https:\/\/www.lasullivan.org\/es\/wp-json\/wp\/v2\/comments?post=5108"}],"version-history":[{"count":3,"href":"https:\/\/www.lasullivan.org\/es\/wp-json\/wp\/v2\/pages\/5108\/revisions"}],"predecessor-version":[{"id":6963,"href":"https:\/\/www.lasullivan.org\/es\/wp-json\/wp\/v2\/pages\/5108\/revisions\/6963"}],"wp:attachment":[{"href":"https:\/\/www.lasullivan.org\/es\/wp-json\/wp\/v2\/media?parent=5108"}],"curies":[{"name":"wp","href":"https:\/\/api.w.org\/{rel}","templated":true}]}}