{"id":5106,"date":"2019-10-24T12:10:12","date_gmt":"2019-10-24T10:10:12","guid":{"rendered":"http:\/\/www.lasullivan.org\/?page_id=5106"},"modified":"2020-01-05T17:54:43","modified_gmt":"2020-01-05T15:54:43","slug":"privacidad","status":"publish","type":"page","link":"https:\/\/www.lasullivan.org\/es\/privacidad\/","title":{"rendered":"Pol\u00edtica de privacidad y cookies"},"content":{"rendered":"<p>Aqu\u00ed encontraras informaci\u00f3n sobre nuestra pol\u00edtica de privacidad y de galletas (\u201ccookies\u201d), que hemos actualitzatdo para adaptarnos al\u00a0Reglamento General de Protecci\u00f3n de Datos, de obligado cumplimento desde el 25 de Mayo del 2018.<\/p>\n<p><strong>\u00bfQu\u00e9 es el RGPD?<\/strong><br \/>\nEl\u00a0Reglamento General de Protecci\u00f3n de Datos\u00a0tiene como objetivo unificar a nivel europeo las normativas de protecci\u00f3n de datos. Entre otras cosas, obliga a las empresas y a las administraciones a dar m\u00e1s informaci\u00f3n sobre los datos que tenemos de los usuarios como tu. Aqu\u00ed encontrar\u00e1s informaci\u00f3n sobre los datos que tenemos sobre ti, como los recogemos, para que los utilizamos y que puedes hacer tu con tus datos. Esta es una gu\u00eda r\u00e1pida y sencilla, pero si quieres entrar en los detalles, no dudes en consultar el resto de secci\u00f3n del aviso legal.<\/p>\n<p><strong>\u00bfC\u00f3mo recogemos informaci\u00f3n sobre ti?<\/strong><br \/>\nCuando utilizas nuestros servicios, recogemos algunos de tus datos personales y otras informaciones relacionadas con tu navegaci\u00f3n.<\/p>\n<p><strong>\u00bfC\u00f3mo lo hacemos?<\/strong><br \/>\nActualmente, la web de La Sullivan no pide que te registres, tampoco a trav\u00e9s de formularios.<br \/>\nLo hacemos autom\u00e1ticamente a trav\u00e9s de las \u201ccookies\u201d, unos ficheros que se colocan en tu dispositivo a trav\u00e9s del navegador y que almacenan informaci\u00f3n diversa: la IP (un c\u00f3digo num\u00e9rico que identifica inequ\u00edvocamente el dispositivo con el que te conectas a la red), o si eres un usuario que navega identificado, es decir, con usuario y contrase\u00f1a.<\/p>\n<p><strong>\u00bfPara que usamos tus datos?<\/strong><br \/>\nLa informaci\u00f3n que recogen las \u201ccookies\u201d anal\u00edticas es an\u00f3nima y nos es muy \u00fatil para mejorar nuestros servicios.<br \/>\nSi navegas por nuestros servicios sin identificarte, todos estos datos quedar\u00e1n asociados a tu dispositivo, pero nunca las podremos relacionar contigo.<\/p>\n<p><strong>\u00bfCompartimos tus datos con terceros?<\/strong><br \/>\nNo, nosotros no compartimos tus datos personales con terceros.<\/p>\n<p><strong>\u00bfPuedes gestionar tus datos?<\/strong><br \/>\nDatos recogidos autom\u00e1ticamente: tambi\u00e9n puedes gestionar los datos que recogemos autom\u00e1ticamente a trav\u00e9s de las \u201ccookies\u201d.<\/p>\n<p><strong>Empleo de Cookies<\/strong><br \/>\nCon el fin de poder adecuar los servicios que se le ofrecen a sus gustos y preferencias, LA SULLIVAN utiliza en su p\u00e1gina web \u201ccookies\u201d. Las \u201ccookies\u201d son ficheros de texto que los servidores env\u00edan a su disco duro para facilitar a su ordenador un acceso m\u00e1s r\u00e1pido a la p\u00e1gina web seleccionada. La finalidad de las \u201ccookies\u201d de LA SULLIVAN no extraen informaci\u00f3n de su ordenador, ni determinan d\u00f3nde se encuentra Ud. Si a pesar de esto, Ud. no desea que se instale en su disco duro una \u201ccookie\u201d, le rogamos que configure el navegador de su ordenador para no recibirlas.<\/p>\n<p>LA SULLIVAN utiliza en este sitio web las siguientes cookies:\u2028a). Cookies propias estrictamente necesarias para la prestaci\u00f3n de servicios solicitados\u2028expresamente por el usuario: si se desactivan estas cookies, no podr\u00e1 recibir correctamente nuestros contenidos y servicios; Como son:\u2028Cookies de \u00abentrada del usuario\u00bb.\u2028Cookies de autenticaci\u00f3n o identificaci\u00f3n de usuario (\u00fanicamente de sesi\u00f3n).\u2028Cookies de seguridad del usuario.\u2028Cookies de sesi\u00f3n de reproductor multimedia.\u2028Cookies de sesi\u00f3n para equilibrar la carga.\u2028Cookies de personalizaci\u00f3n de la interfaz de usuario (Idioma).\u2028b). Cookies propias anal\u00edticas (para el seguimiento y an\u00e1lisis estad\u00edstico del comportamiento del conjunto de los usuarios).\u2028c). Cookies sociales o de complemento (plug-in) de terceros, para el caso que quiere compartir nuestros contenidos a sus redes sociales. En concreto:\u20281.- Facebook.com (Para Facebook)\u20282.- Sharethis.com (Para el resto de redes sociales)<\/p>\n<p><strong>Redes Sociales<\/strong><br \/>\nLA SULLIVAN est\u00e1 presente en las principales redes sociales: Twitter, Facebook, Instagram, Vimeo\u2026 Por ello es el Responsable del Tratamiento de los datos vertidos en sus perfiles derivados de followers o seguidores, likes, amigos, etc<\/p>\n<p><strong>Actualizaciones<\/strong><br \/>\nLa presente Pol\u00edtica de Privacidad podr\u00e1 ser modificada en cualquier momento seg\u00fan las necesidades concretas de la p\u00e1gina web, sus contenidos, directrices internas y cambios legislativos en materia de privacidad. LA SULLIVAN se reserva en exclusiva dicho derecho.<\/p>","protected":false},"excerpt":{"rendered":"<p>Aqu\u00ed encontraras informaci\u00f3n sobre nuestra pol\u00edtica de privacidad y de galletas (\u201ccookies\u201d), que hemos actualitzatdo para adaptarnos al\u00a0Reglamento General de Protecci\u00f3n de Datos, de obligado cumplimento desde el 25 de Mayo del 2018. \u00bfQu\u00e9 es el RGPD? El\u00a0Reglamento General de Protecci\u00f3n de Datos\u00a0tiene como objetivo unificar a nivel europeo las normativas de protecci\u00f3n de datos. [&hellip;]<\/p>\n","protected":false},"author":5,"featured_media":0,"parent":0,"menu_order":0,"comment_status":"closed","ping_status":"closed","template":"","meta":{"_acf_changed":false,"footnotes":""},"class_list":["post-5106","page","type-page","status-publish","hentry"],"acf":[],"aioseo_notices":[],"_links":{"self":[{"href":"https:\/\/www.lasullivan.org\/es\/wp-json\/wp\/v2\/pages\/5106","targetHints":{"allow":["GET"]}}],"collection":[{"href":"https:\/\/www.lasullivan.org\/es\/wp-json\/wp\/v2\/pages"}],"about":[{"href":"https:\/\/www.lasullivan.org\/es\/wp-json\/wp\/v2\/types\/page"}],"author":[{"embeddable":true,"href":"https:\/\/www.lasullivan.org\/es\/wp-json\/wp\/v2\/users\/5"}],"replies":[{"embeddable":true,"href":"https:\/\/www.lasullivan.org\/es\/wp-json\/wp\/v2\/comments?post=5106"}],"version-history":[{"count":2,"href":"https:\/\/www.lasullivan.org\/es\/wp-json\/wp\/v2\/pages\/5106\/revisions"}],"predecessor-version":[{"id":6082,"href":"https:\/\/www.lasullivan.org\/es\/wp-json\/wp\/v2\/pages\/5106\/revisions\/6082"}],"wp:attachment":[{"href":"https:\/\/www.lasullivan.org\/es\/wp-json\/wp\/v2\/media?parent=5106"}],"curies":[{"name":"wp","href":"https:\/\/api.w.org\/{rel}","templated":true}]}}