{"id":5106,"date":"2019-10-24T12:10:12","date_gmt":"2019-10-24T10:10:12","guid":{"rendered":"http:\/\/www.lasullivan.org\/?page_id=5106"},"modified":"2020-01-05T17:54:43","modified_gmt":"2020-01-05T15:54:43","slug":"privacidad","status":"publish","type":"page","link":"https:\/\/www.lasullivan.org\/ca\/privacidad\/","title":{"rendered":"Pol\u00edtica de privacitat i cookies"},"content":{"rendered":"<p>Aqu\u00ed trobar\u00e0s informaci\u00f3 sobre les nostres pol\u00edtiques de privacitat i de galetes (\u201ccookies\u201d), que hem actualitzat per adaptar-nos al\u00a0Reglament General de Protecci\u00f3 de Dades, d\u2019obligat compliment des del 25 de maig del 2018.<\/p>\n<p><strong>Qu\u00e8 \u00e9s el RGPD?\u00a0<\/strong><br \/>\nEl\u00a0Reglament General de Protecci\u00f3 de Dades\u00a0t\u00e9 com a objectiu unificar a nivell europeu les normatives de protecci\u00f3 de dades. Entre altres coses, obliga les empreses i administracions a donar m\u00e9s informaci\u00f3 sobre les dades que tenim dels usuaris com tu. Aqu\u00ed trobar\u00e0s informaci\u00f3 sobre\u00a0quines dades tenim de tu, com les recollim, per a qu\u00e8 les fem servir i qu\u00e8 pots fer tu amb les teves dades. Aquesta \u00e9s una guia r\u00e0pida i senzilla, per\u00f2 si vols entrar en detall, no dubtis a consultar la resta de seccions de l\u2019av\u00eds legal.<\/p>\n<p><strong>Com recollim informaci\u00f3 de tu?<\/strong><br \/>\nQuan utilitzes els nostres serveis, recollim algunes dades personals teves i altres informacions relacionades amb la teva navegaci\u00f3.<\/p>\n<p><strong>Com ho fem?<\/strong><br \/>\nActualment, el web de La Sullivan no demana que et registris, tampoc a trav\u00e9s de formularis.<br \/>\nHo fem autom\u00e0ticament a trav\u00e9s de les \u201ccookies\u201d, uns fitxers que es col\u00b7loquen al teu dispositiu a trav\u00e9s del navegador i que emmagatzemen informaci\u00f3 diversa: la IP (un codi num\u00e8ric que identifica inequ\u00edvocament el dispositiu amb qu\u00e8 et connectes a la xarxa), o si ets un usuari que navega identificat, \u00e9s a dir, amb usuari i contrasenya.<\/p>\n<p><strong>Per a qu\u00e8 fem servir les teves dades?<\/strong><br \/>\nLa informaci\u00f3 que recullen les \u201ccookies\u201d anal\u00edtiques \u00e9s an\u00f2nima i ens \u00e9s molt \u00fatil per millorar els nostres serveis.<br \/>\nSi navegues pels nostres serveis sense haver-te identificat, totes aquestes dades quedaran associades al teu dispositiu, per\u00f2 mai les podrem relacionar amb tu.<\/p>\n<p><strong>Compartim les teves dades amb tercers?<\/strong><br \/>\nNo, nosaltres no compartim les teves dades personals amb tercers excepte en alguns casos.<\/p>\n<p><strong>Pots gestionar les teves dades?<\/strong><br \/>\nDades recollides autom\u00e0ticament: pots gestionar les dades que recollim autom\u00e0ticament a trav\u00e9s de les \u201ccookies\u201d.<\/p>\n<p><strong>Pol\u00edtica de cookies<\/strong><br \/>\nPer tal de poder adequar els serveis que se li ofereixen als seus gustos i prefer\u00e8ncies, LA SULLIVAN utilitza a la seva p\u00e0gina web \u201ccookies\u201d. Les \u201ccookies\u201d s\u00f3n fitxers de text que els servidors envien al seu disc dur per facilitar al seu ordinador un acc\u00e9s m\u00e9s r\u00e0pid a la p\u00e0gina web seleccionada. La finalitat de les \u201ccookies\u201d de LA SULLIVAN no extreuen informaci\u00f3 del seu ordinador, ni determinen on es troba vost\u00e8. Si malgrat aix\u00f2, vost\u00e8 no\u00a0desitja que s\u2019instal\u00b7li en el seu disc dur una \u201ccookie\u201d, li preguem que configuri el navegador del seu ordinador per no rebre-les.<\/p>\n<p>LA SULLIVAN utilitza en aquest lloc web les seg\u00fcents cookies:\u2028a). Cookies pr\u00f2pies estrictament necess\u00e0ries per a la prestaci\u00f3 de serveis sol\u00b7licitats\u2028expressament per l\u2019usuari: si es desactiven aquestes cookies, no podr\u00e0 rebre correctament els nostres continguts i serveis; Com son:\u2028Cookies de \u00abentrada de l\u2019usuari\u00bb.\u2028Cookies d\u2019autenticaci\u00f3 o identificaci\u00f3 d\u2019usuari (\u00fanicament de sessi\u00f3).\u2028Cookies de seguretat de l\u2019usuari.\u2028Cookies de sessi\u00f3 de reproductor multim\u00e8dia.\u2028Cookies de sessi\u00f3 per equilibrar la c\u00e0rrega.\u2028Cookies de personalitzaci\u00f3 de la interf\u00edcie d\u2019usuari (Idioma).\u2028b). Cookies pr\u00f2pies anal\u00edtiques (pel seguiment i an\u00e0lisi estad\u00edstica del comportament del conjunt dels usuaris).\u2028c). Cookies socials o de complement (plug-in) de tercers, per al cas que vulgues compartir els nostres continguts a les seves xarxes socials. En concret de:\u20281.- Facebook.com (Per Facebook)\u20282.- Sharethis.com (Per la resta de xarxes socials)<\/p>\n<p><strong>3. Xarxes Socials<\/strong><br \/>\nLA SULLIVAN est\u00e0 present a les principals xarxes socials: Twitter, Facebook, Instagram, Vimeo\u2026 Per aix\u00f2 \u00e9s el Responsable del tractament de les dades abocaments en els seus perfils derivats de followers o seguidors, likes, amics, etc.<\/p>\n<p><strong>Actualitzacions<\/strong><br \/>\nLa present Pol\u00edtica de Privacitat pot ser modificada en qualsevol moment segons les necessitats concretes de la p\u00e0gina web, els seus continguts, directrius internes i canvis legislatius en mat\u00e8ria de privacitat. LA SULLIVAN es reserva en exclusiva aquest dret.<\/p>","protected":false},"excerpt":{"rendered":"<p>Aqu\u00ed trobar\u00e0s informaci\u00f3 sobre les nostres pol\u00edtiques de privacitat i de galetes (\u201ccookies\u201d), que hem actualitzat per adaptar-nos al\u00a0Reglament General de Protecci\u00f3 de Dades, d\u2019obligat compliment des del 25 de maig del 2018. Qu\u00e8 \u00e9s el RGPD?\u00a0 El\u00a0Reglament General de Protecci\u00f3 de Dades\u00a0t\u00e9 com a objectiu unificar a nivell europeu les normatives de protecci\u00f3 de [&hellip;]<\/p>\n","protected":false},"author":5,"featured_media":0,"parent":0,"menu_order":0,"comment_status":"closed","ping_status":"closed","template":"","meta":{"_acf_changed":false,"footnotes":""},"class_list":["post-5106","page","type-page","status-publish","hentry"],"acf":[],"aioseo_notices":[],"_links":{"self":[{"href":"https:\/\/www.lasullivan.org\/ca\/wp-json\/wp\/v2\/pages\/5106","targetHints":{"allow":["GET"]}}],"collection":[{"href":"https:\/\/www.lasullivan.org\/ca\/wp-json\/wp\/v2\/pages"}],"about":[{"href":"https:\/\/www.lasullivan.org\/ca\/wp-json\/wp\/v2\/types\/page"}],"author":[{"embeddable":true,"href":"https:\/\/www.lasullivan.org\/ca\/wp-json\/wp\/v2\/users\/5"}],"replies":[{"embeddable":true,"href":"https:\/\/www.lasullivan.org\/ca\/wp-json\/wp\/v2\/comments?post=5106"}],"version-history":[{"count":2,"href":"https:\/\/www.lasullivan.org\/ca\/wp-json\/wp\/v2\/pages\/5106\/revisions"}],"predecessor-version":[{"id":6082,"href":"https:\/\/www.lasullivan.org\/ca\/wp-json\/wp\/v2\/pages\/5106\/revisions\/6082"}],"wp:attachment":[{"href":"https:\/\/www.lasullivan.org\/ca\/wp-json\/wp\/v2\/media?parent=5106"}],"curies":[{"name":"wp","href":"https:\/\/api.w.org\/{rel}","templated":true}]}}